{"id":2,"date":"2016-05-10T03:48:21","date_gmt":"2016-05-10T03:48:21","guid":{"rendered":"https:\/\/sesaderi.com\/?page_id=2"},"modified":"2021-07-14T09:24:08","modified_gmt":"2021-07-14T09:24:08","slug":"sample-page","status":"publish","type":"page","link":"https:\/\/sesaderi.com\/?page_id=2","title":{"rendered":"Hakk\u0131m\u0131zda"},"content":{"rendered":"\t\t<div data-elementor-type=\"wp-page\" data-elementor-id=\"2\" class=\"elementor elementor-2\" data-elementor-settings=\"[]\">\n\t\t\t\t\t\t\t<div class=\"elementor-section-wrap\">\n\t\t\t\t\t\t\t<section class=\"elementor-section elementor-top-section elementor-element elementor-element-a7dc77f elementor-section-boxed elementor-section-height-default elementor-section-height-default\" data-id=\"a7dc77f\" data-element_type=\"section\">\n\t\t\t\t\t\t<div class=\"elementor-container elementor-column-gap-default\">\n\t\t\t\t\t<div class=\"elementor-column elementor-col-100 elementor-top-column elementor-element elementor-element-f556d35\" data-id=\"f556d35\" data-element_type=\"column\">\n\t\t\t<div class=\"elementor-widget-wrap elementor-element-populated\">\n\t\t\t\t\t\t\t\t<div class=\"elementor-element elementor-element-7ad99e5 elementor-widget elementor-widget-heading\" data-id=\"7ad99e5\" data-element_type=\"widget\" data-widget_type=\"heading.default\">\n\t\t\t\t<div class=\"elementor-widget-container\">\n\t\t\t<h2 class=\"elementor-heading-title elementor-size-default\">HAKKIMIZDA<\/h2>\t\t<\/div>\n\t\t\t\t<\/div>\n\t\t\t\t\t<\/div>\n\t\t<\/div>\n\t\t\t\t\t\t\t<\/div>\n\t\t<\/section>\n\t\t\t\t<section class=\"elementor-section elementor-top-section elementor-element elementor-element-eeb935e elementor-section-boxed elementor-section-height-default elementor-section-height-default\" data-id=\"eeb935e\" data-element_type=\"section\">\n\t\t\t\t\t\t<div class=\"elementor-container elementor-column-gap-default\">\n\t\t\t\t\t<div class=\"elementor-column elementor-col-50 elementor-top-column elementor-element elementor-element-a9a6dd2\" data-id=\"a9a6dd2\" data-element_type=\"column\">\n\t\t\t<div class=\"elementor-widget-wrap elementor-element-populated\">\n\t\t\t\t\t\t\t\t<div class=\"elementor-element elementor-element-0867460 elementor-widget elementor-widget-text-editor\" data-id=\"0867460\" data-element_type=\"widget\" data-widget_type=\"text-editor.default\">\n\t\t\t\t<div class=\"elementor-widget-container\">\n\t\t\t\t\t\t\t\t<p><b>Se-<\/b><b>Sa<\/b><b> Deri<\/b><b> 1989 y\u0131l\u0131nda, 1905 y\u0131l\u0131ndan beri deri sekt\u00f6r\u00fcn\u00fcn i\u00e7inde olan Savrano\u011flu ailesinin \u00fc\u00e7\u00fcnc\u00fc jenerasyonu taraf\u0131ndan kurulmu\u015ftur. Menemen Deri Serbest Sanayi B\u00f6lgesinde faaliyet g\u00f6steren <\/b><b>Se-<\/b><b>Sa<\/b><b> Deri <\/b><b>; ekolojik de\u011ferlere \u00f6nem veren, \u00e7evreye sayg\u0131l\u0131, bilgisayar kontroll\u00fc son teknolojiye sahip olan \u00fcretim tesislerinde ham deriden bitmi\u015f \u00fcr\u00fcne kadar b\u00fct\u00fcn i\u015flemleri kendi b\u00fcnyesinde yapabilen ender firmalardan birisidir. <\/b><\/p><p><b>Bug\u00fcn <\/b><b>Se-<\/b><b>Sa<\/b><b> Deri<\/b><b> uluslararas\u0131 otomotiv i\u00e7 d\u00f6\u015feme derileri, <\/b><b>mobilyal\u0131k<\/b><b> deri (bunlar\u0131n kesilmi\u015f kitleri ve k\u0131l\u0131flar\u0131),u\u00e7ak derisi, yat derisi ve giysilik deri \u00fcretimi konusunda uzmanla\u015fm\u0131\u015ft\u0131r. <\/b><\/p><p><b>\u00dclkesindeki ilk otomotiv deri \u00fcreticisi olan <\/b><b>Se-<\/b><b>Sa<\/b><b> Deri<\/b><b> sekt\u00f6r\u00fcnde ilk <\/b><b>ISO\/TS 16949:2002<\/b><b> sertifikas\u0131na sahip olmas\u0131yla da gurur duymaktad\u0131r. <\/b><\/p><p><b>\u00d6nc\u00fc rol\u00fcn\u00fc devam ettirebilmek i\u00e7in, imalat\u0131n\u0131n b\u00fct\u00fcn safhalar\u0131n\u0131, girdilerini ve haz\u0131r <\/b><b>mam\u00fcllerini<\/b><b> kendi modern <\/b><b>labaratuar\u0131nda<\/b><b> periyodik olarak test ederek, \u00fcretimde s\u0131f\u0131r hata prensibini en y\u00fcksek d\u00fczeyde m\u00fc\u015fteri memnuniyetiyle <\/b><b>sa\u011flamaktadir<\/b><b>. <\/b><\/p><p><b>Se-<\/b><b>Sa<\/b><b> Deri<\/b><b> d\u00fcnyay\u0131 ve \u00e7evreyi kirletmeden de ekonomik\u00a0 olarak ba\u015far\u0131l\u0131 <\/b><b>olunulabilece\u011fini<\/b><b> ispat etmi\u015ftir Kal\u0131c\u0131 ba\u015far\u0131n\u0131n ancak gelecek nesillere temiz bir d\u00fcnya b\u0131rak\u0131larak elde edilece\u011fine inanm\u0131\u015ft\u0131r. Bu y\u00fczden <\/b><b>sesa<\/b><b> deri imalat\u0131n\u0131n tamam\u0131nda do\u011fada kolayca \u00e7\u00f6z\u00fclebilen sadece sulu kimyasallar kullanmaktad\u0131r.<br \/><\/b><b>Mam\u00fcllerinde<\/b><b> hi\u00e7 bir \u015fekilde zararl\u0131 madde bulunmad\u0131\u011f\u0131n\u0131 periyodik olarak kontrol etmekte ve b\u00fct\u00fcn at\u0131klar\u0131n\u0131 ar\u0131tmaktad\u0131r. <br \/>Deri serbest sanayi b\u00f6lgesindeki \u00a0ar\u0131tma tesisimiz<\/b><b> ISO\/9001:2000 <\/b><b>kalite belgesine sahiptir. Bu konuda iyile\u015ftirme \u00e7abalar\u0131m\u0131z\u00a0 artarak devam etmektedir. <\/b><b><br \/><\/b><\/p><p><b>Vizyon: <\/b><b>D\u00fcnyadaki en sayg\u0131n otomotiv deri \u00fcreticilerinden biri olmakt\u0131r.<\/b><br \/><b><\/b><\/p><p><b>Misyon:<\/b> <b>M\u00fc\u015fterilerimize en iyi fiyat ile en do\u011fru zaman ve kalitede hizmet vermektir. <\/b><\/p><p><b>\u00a0<\/b><\/p><p><b>\u00a0<\/b><\/p>\t\t\t\t\t\t<\/div>\n\t\t\t\t<\/div>\n\t\t\t\t\t<\/div>\n\t\t<\/div>\n\t\t\t\t<div class=\"elementor-column elementor-col-50 elementor-top-column elementor-element elementor-element-a46e81c\" data-id=\"a46e81c\" data-element_type=\"column\">\n\t\t\t<div class=\"elementor-widget-wrap elementor-element-populated\">\n\t\t\t\t\t\t\t\t<div class=\"elementor-element elementor-element-01951d5 elementor-widget elementor-widget-image\" data-id=\"01951d5\" data-element_type=\"widget\" data-widget_type=\"image.default\">\n\t\t\t\t<div class=\"elementor-widget-container\">\n\t\t\t\t\t\t\t\t\t\t\t\t\t\t\t<img loading=\"lazy\" decoding=\"async\" width=\"750\" height=\"500\" src=\"https:\/\/sesaderi.com\/wp-content\/uploads\/2021\/07\/IMG_9398-1024x683.jpg\" class=\"attachment-large size-large\" alt=\"\" srcset=\"https:\/\/sesaderi.com\/wp-content\/uploads\/2021\/07\/IMG_9398-1024x683.jpg 1024w, https:\/\/sesaderi.com\/wp-content\/uploads\/2021\/07\/IMG_9398-300x200.jpg 300w, https:\/\/sesaderi.com\/wp-content\/uploads\/2021\/07\/IMG_9398-768x512.jpg 768w, https:\/\/sesaderi.com\/wp-content\/uploads\/2021\/07\/IMG_9398-1536x1024.jpg 1536w, https:\/\/sesaderi.com\/wp-content\/uploads\/2021\/07\/IMG_9398-2048x1365.jpg 2048w, https:\/\/sesaderi.com\/wp-content\/uploads\/2021\/07\/IMG_9398-600x400.jpg 600w\" sizes=\"auto, (max-width: 750px) 100vw, 750px\" \/>\t\t\t\t\t\t\t\t\t\t\t\t\t\t\t<\/div>\n\t\t\t\t<\/div>\n\t\t\t\t\t<\/div>\n\t\t<\/div>\n\t\t\t\t\t\t\t<\/div>\n\t\t<\/section>\n\t\t\t\t<section class=\"elementor-section elementor-top-section elementor-element elementor-element-53578ad elementor-section-boxed elementor-section-height-default elementor-section-height-default\" data-id=\"53578ad\" data-element_type=\"section\">\n\t\t\t\t\t\t<div class=\"elementor-container elementor-column-gap-default\">\n\t\t\t\t\t<div class=\"elementor-column elementor-col-100 elementor-top-column elementor-element elementor-element-bf299d9\" data-id=\"bf299d9\" data-element_type=\"column\">\n\t\t\t<div class=\"elementor-widget-wrap elementor-element-populated\">\n\t\t\t\t\t\t\t\t<div class=\"elementor-element elementor-element-f613ec3 elementor-arrows-position-outside elementor-pagination-position-outside elementor-widget elementor-widget-image-carousel\" data-id=\"f613ec3\" data-element_type=\"widget\" data-settings=\"{&quot;autoplay_speed&quot;:4000,&quot;navigation&quot;:&quot;both&quot;,&quot;autoplay&quot;:&quot;yes&quot;,&quot;pause_on_hover&quot;:&quot;yes&quot;,&quot;pause_on_interaction&quot;:&quot;yes&quot;,&quot;infinite&quot;:&quot;yes&quot;,&quot;speed&quot;:500,&quot;image_spacing_custom&quot;:{&quot;unit&quot;:&quot;px&quot;,&quot;size&quot;:20,&quot;sizes&quot;:[]}}\" data-widget_type=\"image-carousel.default\">\n\t\t\t\t<div class=\"elementor-widget-container\">\n\t\t\t\t\t<div class=\"elementor-image-carousel-wrapper swiper-container\" dir=\"ltr\">\n\t\t\t<div class=\"elementor-image-carousel swiper-wrapper\">\n\t\t\t\t<div class=\"swiper-slide\"><figure class=\"swiper-slide-inner\"><img decoding=\"async\" class=\"swiper-slide-image\" src=\"https:\/\/sesaderi.com\/wp-content\/uploads\/2021\/07\/IMG_9394-1024x683.jpg\" alt=\"IMG_9394\" \/><\/figure><\/div><div class=\"swiper-slide\"><figure class=\"swiper-slide-inner\"><img decoding=\"async\" class=\"swiper-slide-image\" src=\"https:\/\/sesaderi.com\/wp-content\/uploads\/2021\/07\/IMG_9399-1024x683.jpg\" alt=\"IMG_9399\" \/><\/figure><\/div><div class=\"swiper-slide\"><figure class=\"swiper-slide-inner\"><img decoding=\"async\" class=\"swiper-slide-image\" src=\"https:\/\/sesaderi.com\/wp-content\/uploads\/2021\/07\/IMG_9405-1024x683.jpg\" alt=\"IMG_9405\" \/><\/figure><\/div><div class=\"swiper-slide\"><figure class=\"swiper-slide-inner\"><img decoding=\"async\" class=\"swiper-slide-image\" src=\"https:\/\/sesaderi.com\/wp-content\/uploads\/2021\/07\/IMG_9398-1024x683.jpg\" alt=\"IMG_9398\" \/><\/figure><\/div><div class=\"swiper-slide\"><figure class=\"swiper-slide-inner\"><img decoding=\"async\" class=\"swiper-slide-image\" src=\"https:\/\/sesaderi.com\/wp-content\/uploads\/2021\/07\/Se-sa-4-1024x682.jpg\" alt=\"Se-sa (4)\" \/><\/figure><\/div><div class=\"swiper-slide\"><figure class=\"swiper-slide-inner\"><img decoding=\"async\" class=\"swiper-slide-image\" src=\"https:\/\/sesaderi.com\/wp-content\/uploads\/2021\/07\/Se-sa-2-1024x682.jpg\" alt=\"Se-sa (2)\" \/><\/figure><\/div><div class=\"swiper-slide\"><figure class=\"swiper-slide-inner\"><img decoding=\"async\" class=\"swiper-slide-image\" src=\"https:\/\/sesaderi.com\/wp-content\/uploads\/2021\/07\/Se-sa-13-1024x682.jpg\" alt=\"Se-sa (13)\" \/><\/figure><\/div><div class=\"swiper-slide\"><figure class=\"swiper-slide-inner\"><img decoding=\"async\" class=\"swiper-slide-image\" src=\"https:\/\/sesaderi.com\/wp-content\/uploads\/2021\/07\/Se-sa-9-1024x682.jpg\" alt=\"Se-sa (9)\" \/><\/figure><\/div><div class=\"swiper-slide\"><figure class=\"swiper-slide-inner\"><img decoding=\"async\" class=\"swiper-slide-image\" src=\"https:\/\/sesaderi.com\/wp-content\/uploads\/2021\/07\/Se-sa-6-1024x657.jpg\" alt=\"Se-sa (6)\" \/><\/figure><\/div>\t\t\t<\/div>\n\t\t\t\t\t\t\t\t\t\t\t\t<div class=\"swiper-pagination\"><\/div>\n\t\t\t\t\t\t\t\t\t\t\t\t\t<div class=\"elementor-swiper-button elementor-swiper-button-prev\">\n\t\t\t\t\t\t<i class=\"eicon-chevron-left\" aria-hidden=\"true\"><\/i>\n\t\t\t\t\t\t<span class=\"elementor-screen-only\">\u00d6nceki<\/span>\n\t\t\t\t\t<\/div>\n\t\t\t\t\t<div class=\"elementor-swiper-button elementor-swiper-button-next\">\n\t\t\t\t\t\t<i class=\"eicon-chevron-right\" aria-hidden=\"true\"><\/i>\n\t\t\t\t\t\t<span class=\"elementor-screen-only\">Sonraki<\/span>\n\t\t\t\t\t<\/div>\n\t\t\t\t\t\t\t\t\t<\/div>\n\t\t\t\t<\/div>\n\t\t\t\t<\/div>\n\t\t\t\t\t<\/div>\n\t\t<\/div>\n\t\t\t\t\t\t\t<\/div>\n\t\t<\/section>\n\t\t\t\t\t\t<\/div>\n\t\t\t\t\t<\/div>\n\t\t","protected":false},"excerpt":{"rendered":"<p>HAKKIMIZDA Se-Sa Deri 1989 y\u0131l\u0131nda, 1905 y\u0131l\u0131ndan beri deri sekt\u00f6r\u00fcn\u00fcn i\u00e7inde olan Savrano\u011flu ailesinin \u00fc\u00e7\u00fcnc\u00fc jenerasyonu taraf\u0131ndan kurulmu\u015ftur. Menemen Deri Serbest Sanayi B\u00f6lgesinde faaliyet g\u00f6steren Se-Sa Deri ; ekolojik de\u011ferlere \u00f6nem veren, \u00e7evreye sayg\u0131l\u0131, bilgisayar kontroll\u00fc son teknolojiye sahip olan<\/p>\n","protected":false},"author":1,"featured_media":0,"parent":0,"menu_order":0,"comment_status":"closed","ping_status":"open","template":"","meta":{"spay_email":"","footnotes":""},"class_list":["post-2","page","type-page","status-publish","hentry"],"_links":{"self":[{"href":"https:\/\/sesaderi.com\/index.php?rest_route=\/wp\/v2\/pages\/2","targetHints":{"allow":["GET"]}}],"collection":[{"href":"https:\/\/sesaderi.com\/index.php?rest_route=\/wp\/v2\/pages"}],"about":[{"href":"https:\/\/sesaderi.com\/index.php?rest_route=\/wp\/v2\/types\/page"}],"author":[{"embeddable":true,"href":"https:\/\/sesaderi.com\/index.php?rest_route=\/wp\/v2\/users\/1"}],"replies":[{"embeddable":true,"href":"https:\/\/sesaderi.com\/index.php?rest_route=%2Fwp%2Fv2%2Fcomments&post=2"}],"version-history":[{"count":34,"href":"https:\/\/sesaderi.com\/index.php?rest_route=\/wp\/v2\/pages\/2\/revisions"}],"predecessor-version":[{"id":686,"href":"https:\/\/sesaderi.com\/index.php?rest_route=\/wp\/v2\/pages\/2\/revisions\/686"}],"wp:attachment":[{"href":"https:\/\/sesaderi.com\/index.php?rest_route=%2Fwp%2Fv2%2Fmedia&parent=2"}],"curies":[{"name":"wp","href":"https:\/\/api.w.org\/{rel}","templated":true}]}}